{"id":156,"date":"2020-05-26T17:25:43","date_gmt":"2020-05-26T15:25:43","guid":{"rendered":"http:\/\/epsychiatra.art\/?page_id=156"},"modified":"2025-10-27T11:50:52","modified_gmt":"2025-10-27T10:50:52","slug":"umow-wizyte","status":"publish","type":"page","link":"https:\/\/epsychiatra.art\/index.php\/umow-wizyte\/","title":{"rendered":"Um\u00f3w wizyt\u0119"},"content":{"rendered":"\n<font color=\"black\">Aktualnie przyjmuj\u0119 w <b>Centrum Medycznym Sensemed w Chorzowie (<a href=\"http:\/\/www.sensemed.pl\" target=\"_blank\" rel=\"noopener\">strona internetowa<\/a>)<\/b> oraz w <b>Centrum Medycznym Medilux24 w Piekarach \u015al\u0105skich (<a href=\"http:\/\/www.medilux24.com.pl\" target=\"_blank\" rel=\"noopener\">strona internetowa<\/a>)<\/b>. Prosz\u0119 o kierowanie zapyta\u0144 w sprawie um\u00f3wienia wizyty lekarskiej bezpo\u015brednio do tych plac\u00f3wek.<\/font><br>\n","protected":false},"excerpt":{"rendered":"<p>Aktualnie przyjmuj\u0119 w Centrum Medycznym Sensemed w Chorzowie (strona internetowa) oraz w Centrum Medycznym Medilux24 w Piekarach \u015al\u0105skich (strona internetowa). Prosz\u0119 o kierowanie zapyta\u0144 w sprawie um\u00f3wienia wizyty lekarskiej bezpo\u015brednio do tych plac\u00f3wek.<\/p>\n","protected":false},"author":1,"featured_media":0,"parent":0,"menu_order":0,"comment_status":"closed","ping_status":"closed","template":"","meta":{"footnotes":""},"class_list":["post-156","page","type-page","status-publish","hentry"],"_links":{"self":[{"href":"https:\/\/epsychiatra.art\/index.php\/wp-json\/wp\/v2\/pages\/156","targetHints":{"allow":["GET"]}}],"collection":[{"href":"https:\/\/epsychiatra.art\/index.php\/wp-json\/wp\/v2\/pages"}],"about":[{"href":"https:\/\/epsychiatra.art\/index.php\/wp-json\/wp\/v2\/types\/page"}],"author":[{"embeddable":true,"href":"https:\/\/epsychiatra.art\/index.php\/wp-json\/wp\/v2\/users\/1"}],"replies":[{"embeddable":true,"href":"https:\/\/epsychiatra.art\/index.php\/wp-json\/wp\/v2\/comments?post=156"}],"version-history":[{"count":61,"href":"https:\/\/epsychiatra.art\/index.php\/wp-json\/wp\/v2\/pages\/156\/revisions"}],"predecessor-version":[{"id":558,"href":"https:\/\/epsychiatra.art\/index.php\/wp-json\/wp\/v2\/pages\/156\/revisions\/558"}],"wp:attachment":[{"href":"https:\/\/epsychiatra.art\/index.php\/wp-json\/wp\/v2\/media?parent=156"}],"curies":[{"name":"wp","href":"https:\/\/api.w.org\/{rel}","templated":true}]}}